{"id":262,"date":"2015-03-16T23:29:58","date_gmt":"2015-03-17T03:29:58","guid":{"rendered":"http:\/\/petitchamonix.com\/?page_id=262"},"modified":"2023-11-07T12:24:38","modified_gmt":"2023-11-07T17:24:38","slug":"services","status":"publish","type":"page","link":"https:\/\/www.petitchamonix.com\/en\/services\/","title":{"rendered":"Services"},"content":{"rendered":"\n<p class=\"has-text-align-center\">La Station Familiale &#8211; Le Petit Chamonix, is not only a place to practice snow sports such as skiing or snowboarding. It&#8217;s much more!! Both a gathering place for young and old, this unique place located in Matap\u00e9dia, in the Gasp\u00e9 Peninsula, is intended to be a multi-disciplinary centre for the population of Matap\u00e9dia-et-les-Plateaux but also for the entire Baie des Chaleurs. You will find below all the services offered at the Petit Chamonix.<\/p>\n","protected":false},"excerpt":{"rendered":"<p>La Station Familiale &#8211; Le Petit Chamonix, is not only a place to practice snow sports such as skiing or [&hellip;]<\/p>\n","protected":false},"author":3,"featured_media":0,"parent":0,"menu_order":19,"comment_status":"open","ping_status":"closed","template":"page-templates\/services.php","meta":{"_acf_changed":false,"_themeisle_gutenberg_block_has_review":false,"footnotes":""},"class_list":["post-262","page","type-page","status-publish","hentry"],"acf":[],"aioseo_notices":[],"_links":{"self":[{"href":"https:\/\/www.petitchamonix.com\/en\/wp-json\/wp\/v2\/pages\/262","targetHints":{"allow":["GET"]}}],"collection":[{"href":"https:\/\/www.petitchamonix.com\/en\/wp-json\/wp\/v2\/pages"}],"about":[{"href":"https:\/\/www.petitchamonix.com\/en\/wp-json\/wp\/v2\/types\/page"}],"author":[{"embeddable":true,"href":"https:\/\/www.petitchamonix.com\/en\/wp-json\/wp\/v2\/users\/3"}],"replies":[{"embeddable":true,"href":"https:\/\/www.petitchamonix.com\/en\/wp-json\/wp\/v2\/comments?post=262"}],"version-history":[{"count":3,"href":"https:\/\/www.petitchamonix.com\/en\/wp-json\/wp\/v2\/pages\/262\/revisions"}],"predecessor-version":[{"id":4251,"href":"https:\/\/www.petitchamonix.com\/en\/wp-json\/wp\/v2\/pages\/262\/revisions\/4251"}],"wp:attachment":[{"href":"https:\/\/www.petitchamonix.com\/en\/wp-json\/wp\/v2\/media?parent=262"}],"curies":[{"name":"wp","href":"https:\/\/api.w.org\/{rel}","templated":true}]}}